{"id":48507,"date":"2025-08-28T10:09:52","date_gmt":"2025-08-28T16:09:52","guid":{"rendered":"https:\/\/casataan.com\/?post_type=product&#038;p=48507"},"modified":"2026-02-08T10:46:50","modified_gmt":"2026-02-08T16:46:50","slug":"creator-membership","status":"publish","type":"product","link":"https:\/\/casataan.com\/en\/product\/creator-membership\/","title":{"rendered":"Creator Membership"},"content":{"rendered":"<p data-start=\"2250\" data-end=\"2615\"><strong data-start=\"2250\" data-end=\"2284\">Vive la experiencia Casa T\u2019AAN<\/strong><br data-start=\"2284\" data-end=\"2287\" \/>Forma parte de una comunidad creativa en el coraz\u00f3n de la Ciudad de M\u00e9xico. Con la <strong data-start=\"2370\" data-end=\"2392\">Creator Membership<\/strong> tendr\u00e1s acceso ilimitado a la programaci\u00f3n regular, beneficios exclusivos en residencias art\u00edsticas, networking creativo, eventos con artistas y el derecho a usar uno de nuestros salones de experiencias sin costo al a\u00f1o.<\/p>\n","protected":false},"excerpt":{"rendered":"<p>Vive la experiencia Casa T\u2019AANForma parte de una comunidad creativa en el coraz\u00f3n de la Ciudad de M\u00e9xico. Con la Creator Membership tendr\u00e1s acceso ilimitado a la programaci\u00f3n regular, beneficios&hellip;<\/p>\n","protected":false},"featured_media":0,"template":"","meta":{"_price":"2518","_stock":"","_tribe_ticket_header":"","_tribe_default_ticket_provider":"","_tribe_ticket_capacity":"0","_ticket_start_date":"","_ticket_end_date":"","_tribe_ticket_show_description":"","_tribe_ticket_show_not_going":false,"_tribe_ticket_use_global_stock":"","_tribe_ticket_global_stock_level":"","_global_stock_mode":"","_global_stock_cap":"","_tribe_rsvp_for_event":"","_tribe_ticket_going_count":"","_tribe_ticket_not_going_count":"","_tribe_tickets_list":"[]","_tribe_ticket_has_attendee_info_fields":false,"_tec_slr_enabled":"","_tec_slr_layout":""},"product_brand":[],"product_cat":[294,293],"product_tag":[],"class_list":{"0":"post-48507","1":"product","2":"type-product","3":"status-publish","5":"product_cat-creator","6":"product_cat-memberships","8":"first","9":"instock","10":"virtual","11":"taxable","12":"purchasable","13":"product-type-simple"},"_links":{"self":[{"href":"https:\/\/casataan.com\/en\/wp-json\/wp\/v2\/product\/48507","targetHints":{"allow":["GET"]}}],"collection":[{"href":"https:\/\/casataan.com\/en\/wp-json\/wp\/v2\/product"}],"about":[{"href":"https:\/\/casataan.com\/en\/wp-json\/wp\/v2\/types\/product"}],"wp:attachment":[{"href":"https:\/\/casataan.com\/en\/wp-json\/wp\/v2\/media?parent=48507"}],"wp:term":[{"taxonomy":"product_brand","embeddable":true,"href":"https:\/\/casataan.com\/en\/wp-json\/wp\/v2\/product_brand?post=48507"},{"taxonomy":"product_cat","embeddable":true,"href":"https:\/\/casataan.com\/en\/wp-json\/wp\/v2\/product_cat?post=48507"},{"taxonomy":"product_tag","embeddable":true,"href":"https:\/\/casataan.com\/en\/wp-json\/wp\/v2\/product_tag?post=48507"}],"curies":[{"name":"wp","href":"https:\/\/api.w.org\/{rel}","templated":true}]}}